{"id":114,"date":"2016-04-15T16:24:53","date_gmt":"2016-04-15T14:24:53","guid":{"rendered":"https:\/\/www.casentinolane.it\/en\/?page_id=114"},"modified":"2016-04-19T15:49:27","modified_gmt":"2016-04-19T13:49:27","slug":"contacts","status":"publish","type":"page","link":"https:\/\/www.casentinolane.it\/en\/contacts\/","title":{"rendered":"Contacts"},"content":{"rendered":"<p><strong>Casentino Lane s.r.l.<\/strong><\/p>\n<p>Via dell&#8217;Artigiano 32 &#8211; 52011 Bibbiena (Arezzo)<br \/>\nCoordinate: 43.713487, 11.809087<\/p>\n<p>Tel. +39 0575 536563<br \/>\nP.Iva IT00343040515<\/p>\n<p>&nbsp;<\/p>\n<div role=\"form\" class=\"wpcf7\" id=\"wpcf7-f167-o1\" lang=\"en-US\" dir=\"ltr\">\n<div class=\"screen-reader-response\"><p role=\"status\" aria-live=\"polite\" aria-atomic=\"true\"><\/p> <ul><\/ul><\/div>\n<form action=\"\/en\/wp-json\/wp\/v2\/pages\/114#wpcf7-f167-o1\" method=\"post\" class=\"wpcf7-form init\" novalidate=\"novalidate\" data-status=\"init\">\n<div style=\"display: none;\">\n<input type=\"hidden\" name=\"_wpcf7\" value=\"167\" \/>\n<input type=\"hidden\" name=\"_wpcf7_version\" value=\"5.3.1\" \/>\n<input type=\"hidden\" name=\"_wpcf7_locale\" value=\"en_US\" \/>\n<input type=\"hidden\" name=\"_wpcf7_unit_tag\" value=\"wpcf7-f167-o1\" \/>\n<input type=\"hidden\" name=\"_wpcf7_container_post\" value=\"0\" \/>\n<input type=\"hidden\" name=\"_wpcf7_posted_data_hash\" value=\"\" \/>\n<\/div>\n<p>Your Name (required)<br \/>\n    <span class=\"wpcf7-form-control-wrap your-name\"><input type=\"text\" name=\"your-name\" value=\"\" size=\"40\" class=\"wpcf7-form-control wpcf7-text wpcf7-validates-as-required\" aria-required=\"true\" aria-invalid=\"false\" \/><\/span> <\/p>\n<p>Your E-mail (required)<br \/>\n    <span class=\"wpcf7-form-control-wrap your-email\"><input type=\"email\" name=\"your-email\" value=\"\" size=\"40\" class=\"wpcf7-form-control wpcf7-text wpcf7-email wpcf7-validates-as-required wpcf7-validates-as-email\" aria-required=\"true\" aria-invalid=\"false\" \/><\/span> <\/p>\n<p>Subject<br \/>\n    <span class=\"wpcf7-form-control-wrap your-subject\"><input type=\"text\" name=\"your-subject\" value=\"\" size=\"40\" class=\"wpcf7-form-control wpcf7-text\" aria-invalid=\"false\" \/><\/span> <\/p>\n<p>Your Message<br \/>\n    <span class=\"wpcf7-form-control-wrap your-message\"><textarea name=\"your-message\" cols=\"40\" rows=\"10\" class=\"wpcf7-form-control wpcf7-textarea\" aria-invalid=\"false\"><\/textarea><\/span> <\/p>\n<p><span class=\"wpcf7-form-control-wrap textarea-127\"><textarea name=\"textarea-127\" cols=\"40\" rows=\"5\" class=\"wpcf7-form-control wpcf7-textarea\" readonly=\"readonly\" aria-invalid=\"false\">INFORMATIVA AI SENSI DELL&#039;ART. 13 DELLA LEGGE N.196-03 SULLA TUTELA DEI DATI PERSONALI. Gentile Visitatore, La Informiamo che i Suoi dati personali - raccolti direttamente presso di Lei - saranno utilizzati da parte di Casentino Lane s.r.l. e comunicati ad altre societ\u00e0, nel pieno rispetto dei principi fondamentali, dettati: dalla direttiva 95\/46\/CE del Parlamento Europeo relativa alla tutela delle persone fisiche con riguardo al trattamento dei dati personali e della circolazione dei dati; dalla direttiva 97\/66\/CE per la tutela della privacy nelle telecomunicazioni; dalla direttiva 97\/07\/CE e dal D. Lgs. 185\/99 per la protezione dei consumatori nei contratti a distanza; dalla direttiva 00\/31\/CE per il commercio elettronico; dal decreto legislativo n. 196 del 30 giugno 2003 - Codice in materia di protezione dei dati personali; dal decreto legislativo 70\/2003 in tema di commercio elettronico OPERAZIONI DI TRATTAMENTO DEI DATI PERSONALI E RELATIVI SCOPI Di seguito, Le operazioni da noi svolte che implicano raccolta, conservazione od elaborazione dei Suoi dati personali, e gli scopi che perseguiamo con ciascuna di esse sono le seguenti: a) raccolta, conservazione e comunicazione a terzi dei Suoi dati personali al fine della fornitura dei nostri prodotti o servizi e per fornire all&#039;Autorit\u00e0 Giudiziaria le informazioni richieste; b)elaborazione dei dati personali da Lei forniti e di quelli desunti dalle Sue navigazioni in rete, in base al processo meglio chiarito nelle condizioni generali di servizio, allo scopo di definire il Suo profilo commerciale c) utilizzo del Suo profilo commerciale da parte di Casentino Lane s.r.l. per finalit\u00e0 di marketing e promozionali proprie di Casentino Lane s.r.l. d) raccolta, conservazione ed elaborazione dei Suoi dati personali per scopi amministrativo - contabili, compresa l&#039;eventuale trasmissione per posta elettronica di fatture commerciali e) utilizzo del Suo profilo commerciale da parte di Casentino Lane s.r.l. e per finalit\u00e0 di marketing e promozionali di terzi MODALITA&#039; DEL TRATTAMENTO Il trattamento avverr\u00e0 con modalit\u00e0 totalmente automatizzate mediante un processo che consente di rilevare le attitudini commerciali del cliente manifestate attraverso i comportamenti in rete. Casentino Lane s.r.l., mediante il sistema di formazione e conservazione dei dati, assicura e garantisce che essi non comprenderanno, in maniera diretta o indiretta, argomenti riguardanti dati sensibili ai sensi degli articoli 4 lett. D e 26 del D. Lgs. 196\/03. Pertanto verr\u00e0 escluso a priori ogni trattamento che possa riguardare direttamente o indirettamente dati sensibili. LIBERTA&#039; DI RILASCIARE IL CONSENSO E CONSEGUENZE DI UN RIFIUTO Il conferimento del consenso al trattamento dei dati personali forniti per gli scopi di cui ai punti (a), (b), (d) \u00e8 necessario. In caso di rifiuto alla prestazione del consenso non ci sar\u00e0 possibile erogarLe i servizi di Casentino Lane s.r.l.. Il consenso per gli scopi (c) ed (e) deve essere oggetto di approvazione specifica. TITOLARE E RESPONSABILE DEL TRATTAMENTO Titolare del trattamento \u00e8 Casentino Lane s.r.l.. Le eventuali istanze ai sensi dell&#039;art. 7 del D. Lgs. 196\/03 dovranno essere indirizzate a Casentino Lane s.r.l. o inviate a mezzo email all&#039;indirizzo info@casentinolane.it. DIRITTI DELL&#039;INTERESSATO Art. 7 D.Lgs 196\/03 (Diritti dell&#039;interessato) 1. In relazione al trattamento di dati personali l&#039;interessato ha diritto di ottenere conferma dell&#039;esistenza o meno di dati personali che lo riguardano anche se non ancora registrati e la loro comunicazione in forma intelligibile. 2. L&#039;interessato ha diritto di ottenere indicazione in relazione a: origine dei dati; finalit\u00e0 del trattamento; logica del trattamento; estremi identificativi del Titolare e dei Responsabili dei soggetti ai quali i dati possono essere comunicati. 3. L&#039;interessato ha inoltre diritto di ottenere: l&#039;aggiornamento, la rettificazione o l&#039;integrazione dei dati raccolti; la cancellazione, la trasformazione in forma anonima o il blocco dei dati trattati in violazione della legge compresi quelli di cui non \u00e8 necessaria la conservazione in relazione agli scopi per i quali i dati sono stati raccolti o successivamente trattati; l&#039;attestazione che le operazioni di cui ai precedenti punti sono state portate a conoscenza a coloro ai quali tali dati sono stati comunicati o diffusi, eccettuato il caso in cui tale adempimento si rivela impossibile o comporta un impiego di mezzi manifestamente sproporzionato rispetto al diritto tutelato 4. L&#039;interessato ha inoltre diritto di opporsi, in tutto o in parte: per motivi legittimi al trattamento dei dati personali che lo riguardano ancorch\u00e9 pertinenti allo scopo della raccolta; al trattamento dei dati personali che lo riguardano a fini di invio di materiale pubblicitario.<\/textarea><\/span><\/p>\n<p><span class=\"wpcf7-form-control-wrap acceptance-672\"><span class=\"wpcf7-form-control wpcf7-acceptance\"><span class=\"wpcf7-list-item\"><input type=\"checkbox\" name=\"acceptance-672\" value=\"1\" aria-invalid=\"false\" \/><\/span><\/span><\/span>  I give my consent to the processing of my personal data, as required by law  <a href=\"http:\/\/www.parlamento.it\/parlam\/leggi\/deleghe\/03196dl.htm\" target=\"_blank\">D.Lgs 196\/2003<\/a> <\/p>\n<p><input type=\"submit\" value=\"Send\" class=\"wpcf7-form-control wpcf7-submit\" \/><\/p>\n<div class=\"wpcf7-response-output\" aria-hidden=\"true\"><\/div><\/form><\/div>\n","protected":false},"excerpt":{"rendered":"<p>Casentino Lane s.r.l. Via dell&#8217;Artigiano 32 &#8211; 52011 Bibbiena (Arezzo) Coordinate: 43.713487, 11.809087 Tel. +39 0575 536563 P.Iva IT00343040515 &nbsp;<\/p>\n","protected":false},"author":1,"featured_media":0,"parent":0,"menu_order":0,"comment_status":"closed","ping_status":"closed","template":"","meta":[],"_links":{"self":[{"href":"https:\/\/www.casentinolane.it\/en\/wp-json\/wp\/v2\/pages\/114"}],"collection":[{"href":"https:\/\/www.casentinolane.it\/en\/wp-json\/wp\/v2\/pages"}],"about":[{"href":"https:\/\/www.casentinolane.it\/en\/wp-json\/wp\/v2\/types\/page"}],"author":[{"embeddable":true,"href":"https:\/\/www.casentinolane.it\/en\/wp-json\/wp\/v2\/users\/1"}],"replies":[{"embeddable":true,"href":"https:\/\/www.casentinolane.it\/en\/wp-json\/wp\/v2\/comments?post=114"}],"version-history":[{"count":2,"href":"https:\/\/www.casentinolane.it\/en\/wp-json\/wp\/v2\/pages\/114\/revisions"}],"predecessor-version":[{"id":168,"href":"https:\/\/www.casentinolane.it\/en\/wp-json\/wp\/v2\/pages\/114\/revisions\/168"}],"wp:attachment":[{"href":"https:\/\/www.casentinolane.it\/en\/wp-json\/wp\/v2\/media?parent=114"}],"curies":[{"name":"wp","href":"https:\/\/api.w.org\/{rel}","templated":true}]}}