{"id":251,"date":"2016-04-15T00:03:01","date_gmt":"2016-04-14T22:03:01","guid":{"rendered":"http:\/\/www.casentinolane.it\/casentino-lane-s-r-l-5-2\/"},"modified":"2016-04-15T00:03:01","modified_gmt":"2016-04-14T22:03:01","slug":"casentino-lane-s-r-l-5","status":"publish","type":"page","link":"https:\/\/www.casentinolane.it\/en\/","title":{"rendered":"Casentino Lane s.r.l."},"content":{"rendered":"<p>Panno Casentino, produzione di tessuto casentino e filati cardati.<br \/>\nCardatura e filatura lana, misto lana, panno casentino.<\/p>\n<p><span style=\"color: #ff0000;\"><em>A partire dal 2023, Casentino Lane \u00e8 entrata a far parte di Manteco grazie a un&#8217;iniziativa strategica mirata a rivitalizzare questa storica filatura. Ad oggi incarna appieno i valori dell&#8217;azienda, intrecciando l&#8217;heritage con circolarit\u00e0, tracciabilit\u00e0 e responsabilit\u00e0 ambientale.\u00a0<\/em><\/span><span style=\"color: #ff0000;\"><em>Per maggiori informazioni visita il sito <strong><a href=\"https:\/\/manteco.com\/manteco-casentino-lane-spinning-mill\/\">manteco.com<\/a><\/strong><\/em><\/span><\/p>\n<p><strong>Sede e Recapiti:<\/strong><img loading=\"lazy\" width=\"400\" height=\"306\" class=\"alignnone size-full wp-image-30\" style=\"width: 400px; height: 306; float: right;\" src=\"https:\/\/www.casentinolane.it\/wp-content\/uploads\/2016\/04\/casentinolane1.jpg\" alt=\"casentinolane1\" srcset=\"https:\/\/www.casentinolane.it\/wp-content\/uploads\/2016\/04\/casentinolane1.jpg 400w, https:\/\/www.casentinolane.it\/wp-content\/uploads\/2016\/04\/casentinolane1-300x230.jpg 300w, https:\/\/www.casentinolane.it\/wp-content\/uploads\/2016\/04\/casentinolane1-100x77.jpg 100w, https:\/\/www.casentinolane.it\/wp-content\/uploads\/2016\/04\/casentinolane1-150x115.jpg 150w, https:\/\/www.casentinolane.it\/wp-content\/uploads\/2016\/04\/casentinolane1-200x153.jpg 200w\" sizes=\"(max-width: 400px) 100vw, 400px\" \/><\/p>\n<p>Via dell&#8217;Artigiano 32<br \/>\n52011 Bibbiena (Arezzo)<br \/>\nTel. +39 0575 536563<br \/>\nFax +39 0575 539814<br \/>\nCell. +39 348 6018227<\/p>\n<p><a title=\"Contatti\" href=\"https:\/\/www.casentinolane.it\/contatti\/\"><strong>Contatti<\/strong><\/a><\/p>\n","protected":false},"excerpt":{"rendered":"<p>Panno Casentino, produzione di tessuto casentino e filati cardati. Cardatura e filatura lana, misto lana, panno casentino. A partire dal 2023, Casentino Lane \u00e8 entrata a far parte di Manteco grazie a un&#8217;iniziativa strategica mirata a rivitalizzare questa storica filatura.<span class=\"ellipsis\">&hellip;<\/span><\/p>\n<div class=\"read-more\"><a href=\"https:\/\/www.casentinolane.it\/en\/\">Read more &#8250;<\/a><\/div>\n<p><!-- end of .read-more --><\/p>\n","protected":false},"author":1,"featured_media":0,"parent":0,"menu_order":0,"comment_status":"closed","ping_status":"open","template":"sidebar-content-page.php","meta":[],"_links":{"self":[{"href":"https:\/\/www.casentinolane.it\/en\/wp-json\/wp\/v2\/pages\/251"}],"collection":[{"href":"https:\/\/www.casentinolane.it\/en\/wp-json\/wp\/v2\/pages"}],"about":[{"href":"https:\/\/www.casentinolane.it\/en\/wp-json\/wp\/v2\/types\/page"}],"author":[{"embeddable":true,"href":"https:\/\/www.casentinolane.it\/en\/wp-json\/wp\/v2\/users\/1"}],"replies":[{"embeddable":true,"href":"https:\/\/www.casentinolane.it\/en\/wp-json\/wp\/v2\/comments?post=251"}],"version-history":[{"count":0,"href":"https:\/\/www.casentinolane.it\/en\/wp-json\/wp\/v2\/pages\/251\/revisions"}],"wp:attachment":[{"href":"https:\/\/www.casentinolane.it\/en\/wp-json\/wp\/v2\/media?parent=251"}],"curies":[{"name":"wp","href":"https:\/\/api.w.org\/{rel}","templated":true}]}}